{"id":24,"date":"2021-09-17T08:15:26","date_gmt":"2021-09-17T08:15:26","guid":{"rendered":"https:\/\/vamugynokseg.hu\/home\/"},"modified":"2022-06-26T19:41:50","modified_gmt":"2022-06-26T17:41:50","slug":"home","status":"publish","type":"page","link":"https:\/\/vamugynokseg.hu\/","title":{"rendered":"Dual Centrum v\u00e1m\u00fcgyn\u00f6ks\u00e9g"},"content":{"rendered":"<div class=\"\" style=\"\" >\n    \n    <section class=\"u-align-left u-clearfix u-image lazyload u-section-2\" id=\"carousel_8092\" data-image-width=\"1200\" data-image-height=\"727\" data-bg=\"url(&quot;https:\/\/vamugynokseg.hu\/wp-content\/uploads\/2021\/09\/a1cf2428-6a42-d109-15bd-f9b4b4d3f9741-e1631890972622.jpg&quot;)\">\n      <div class=\"u-clearfix u-sheet u-sheet-1\">\n        <h1 class=\"u-align-center u-text u-text-palette-1-dark-1 u-text-1\" data-lang-en=\"Dual-Centrum v\u00e1m\u00fcgyn\u00f6ks\u00e9g\">Dual-Centrum v\u00e1m\u00fcgyn\u00f6ks\u00e9g<\/h1>\n        <h2 class=\"u-subtitle u-text u-text-palette-1-dark-2 u-text-2\" data-lang-en=\"\n          <span class=&quot;u-text-palette-1-dark-1&quot;> V\u00e1m\u00fcgyint\u00e9z\u00e9s hat\u00e1rok n\u00e9lk\u00fcl!<\/span>\n        \">\n          <span class=\"u-text-palette-1-dark-1\"> V\u00e1m\u00fcgyint\u00e9z\u00e9s hat\u00e1rok n\u00e9lk\u00fcl!<\/span>\n        <\/h2>\n      <\/div>\n    <\/section>\n    <section class=\"u-align-center u-clearfix u-palette-5-light-2 u-section-3\" id=\"sec-a0fd\">\n      <div class=\"u-clearfix u-sheet u-sheet-1\">\n        <h1 class=\"u-text u-text-default u-text-1\" data-lang-en=\"\n          <span class=&quot;u-text-palette-1-dark-1&quot;> Dual-Centrum v\u00e1m\u00fcgyn\u00f6ks\u00e9g<\/span>\n        \">\n          <span class=\"u-text-palette-1-dark-1\"> Dual-Centrum v\u00e1m\u00fcgyn\u00f6ks\u00e9g<\/span>\n        <\/h1>\n        <p class=\"u-text u-text-2\" data-lang-en=\"Teljesk\u00f6r\u0171, gyors \u00e9s k\u00f6lts\u00e9ghat\u00e9kony v\u00e1m\u00fcgyint\u00e9z\u00e9s Magyarosz\u00e1g eg\u00e9sz ter\u00fclet\u00e9n, szem\u00e9lyes megjelen\u00e9s n\u00e9lk\u00fcl, kiz\u00e1r\u00f3lag online kapcsolattal!&amp;nbsp;<br>K\u00fcldje el a rendelkez\u00e9sre \u00e1ll\u00f3 dokumentumait, k\u00e9rd\u00e9seit, a t\u00f6bbit int\u00e9zz\u00fck!<br>30 \u00e9ves szakmai tapasztalatunkat \u00e1ll\u00edtjuk az \u00d6n szolg\u00e1lat\u00e1ba!\">Teljesk\u00f6r\u0171, gyors \u00e9s k\u00f6lts\u00e9ghat\u00e9kony v\u00e1m\u00fcgyint\u00e9z\u00e9s Magyarosz\u00e1g eg\u00e9sz ter\u00fclet\u00e9n, szem\u00e9lyes megjelen\u00e9s n\u00e9lk\u00fcl, kiz\u00e1r\u00f3lag online kapcsolattal!&nbsp;<br>K\u00fcldje el a rendelkez\u00e9sre \u00e1ll\u00f3 dokumentumait, k\u00e9rd\u00e9seit, a t\u00f6bbit int\u00e9zz\u00fck!<br>30 \u00e9ves szakmai tapasztalatunkat \u00e1ll\u00edtjuk az \u00d6n szolg\u00e1lat\u00e1ba!\n        <\/p>\n      <\/div>\n    <\/section>\n    <section class=\"u-align-center u-clearfix u-section-4\" id=\"sec-083e\">\n      <div class=\"u-clearfix u-sheet u-sheet-1\">\n        <h2 class=\"u-text u-text-1\" data-lang-en=\"\u200b<span class=&quot;u-text-palette-1-dark-1&quot;>A Dual-Centrum v\u00e1m\u00fcgyn\u00f6ks\u00e9g szolg\u00e1ltat\u00e1sai<\/span>\">\n          <span class=\"u-text-palette-1-dark-1\">A Dual-Centrum v\u00e1m\u00fcgyn\u00f6ks\u00e9g szolg\u00e1ltat\u00e1sai<\/span>\n        <\/h2>\n        <div class=\"u-expanded-width u-list u-list-1\">\n          <div class=\"u-repeater u-repeater-1\">\n            <div class=\"u-align-center u-container-style u-list-item u-repeater-item\">\n              <div class=\"u-container-layout u-similar-container u-container-layout-1\"><span class=\"u-align-center u-icon u-icon-rounded u-palette-1-base u-radius-10 u-icon-1\"><svg class=\"u-svg-link\" preserveAspectRatio=\"xMidYMin slice\" viewBox=\"0 0 512 512\" style=\"\"><use xmlns:xlink=\"http:\/\/www.w3.org\/1999\/xlink\" xlink:href=\"#svg-9e42\"><\/use><\/svg><svg class=\"u-svg-content\" viewBox=\"0 0 512 512\" id=\"svg-9e42\"><g id=\"Flat\"><path d=\"m384 456-64 32-88-144v144h-168a40 40 0 0 1 -40-40v-160a48 48 0 0 1 48-48h140.67a64 64 0 0 1 54.16 29.9z\" fill=\"#34507b\"><\/path><path d=\"m72 88v152h112a24 24 0 0 0 24-24v-48h32l-32-80z\" fill=\"#fec9a3\"><\/path><path d=\"m176 144a16 16 0 1 1 16-16 16.019 16.019 0 0 1 -16 16z\" fill=\"#7a432a\"><\/path><path d=\"m208 88h-80l-8 24h-7.731a20.838 20.838 0 0 0 -20.215 15.784 20.836 20.836 0 0 0 10.9 23.691l1.046.525-32 32v-96a40 40 0 0 1 40-40h56a40 40 0 0 1 40 40z\" fill=\"#7a432a\"><\/path><path d=\"m232 44.12a20.251 20.251 0 0 1 -.38 3.88 19.8 19.8 0 0 1 -1.06 3.6l-14.56 36.4h-144l-14.56-36.4a20.116 20.116 0 0 1 18.68-27.6h135.76a20.123 20.123 0 0 1 20.12 20.12z\" fill=\"#34507b\"><\/path><path d=\"m128 88 4.937 2.821a221.462 221.462 0 0 0 109.875 29.179 13.189 13.189 0 0 0 13.188-13.188 13.188 13.188 0 0 0 -10.6-12.932l-29.4-5.88z\" fill=\"#283f61\"><\/path><path d=\"m176 184h32v16h-32z\" fill=\"#feb784\"><\/path><path d=\"m96 56h104v16h-104z\" fill=\"#283f61\"><\/path><path d=\"m231.62 48a19.8 19.8 0 0 1 -1.06 3.6l-14.56 36.4h-4a20 20 0 0 1 -20-20 20 20 0 0 1 20-20z\" fill=\"#ffb531\"><\/path><path d=\"m215.172 381.242a14.591 14.591 0 0 0 2.645 19.172l102.183 87.586h24v-24l-107.572-86.058a14.591 14.591 0 0 0 -21.256 3.3z\" fill=\"#348fd9\"><\/path><path d=\"m232 424 40-16 32 24v56h-72z\" fill=\"#fec9a3\"><\/path><path d=\"m443.48 488h-139.08a16.138 16.138 0 0 1 -16.236-18.263l28.116-192a16.276 16.276 0 0 1 16.24-13.737h139.08a16.138 16.138 0 0 1 16.236 18.263l-28.116 192a16.276 16.276 0 0 1 -16.24 13.737z\" fill=\"#d75246\"><\/path><path d=\"m474 352h-25.811a16 16 0 0 0 -15.689 12.862l-10.078 50.392a14 14 0 0 0 13.728 16.746h25.806a16 16 0 0 0 15.689-12.862l10.079-50.392a14 14 0 0 0 -13.724-16.746z\" fill=\"#fec9a3\"><\/path><path d=\"m427.086 248 2.029-8c2.242-8.837-3.21-16-12.176-16-8.966 0-18.052 7.163-20.293 16l-2.03 8h-16.235c-8.966 0-18.051 7.163-20.293 16l-6.088 24h97.408l6.088-24c2.242-8.837-3.209-16-12.176-16z\" fill=\"#348fd9\"><\/path><rect fill=\"#283f61\" height=\"32\" rx=\"8\" width=\"16\" x=\"224\" y=\"320\"><\/rect><path d=\"m200 240-33.7 61.79-14.3 26.21-22.54-24.79-57.46-63.21z\" fill=\"#d6d6d4\"><\/path><path d=\"m160 264 6.3 37.79-14.3 26.21-22.54-24.79 6.54-39.21-16-24h48z\" fill=\"#283f61\"><\/path><path d=\"m243.62 247.98-131.62 240.02h-48l136-248h12.67a64.025 64.025 0 0 1 30.95 7.98z\" fill=\"#e0e0de\"><\/path><path d=\"m192 416h40v72h-40z\" fill=\"#e0e0de\"><\/path><path d=\"m88 416v-96h-64v128a40 40 0 0 0 40 40h128v-72z\" fill=\"#34507b\"><\/path><g fill=\"#283f61\"><path d=\"m144 448h16v16h-16z\"><\/path><path d=\"m112 448h16v16h-16z\"><\/path><path d=\"m96 416h-16v-88a8 8 0 0 1 8-8 8 8 0 0 1 8 8z\"><\/path>\n<\/g>\n<\/g><\/svg><\/span>\n                <h2 class=\"u-text u-text-2\" data-lang-en=\"V\u00e1m\u00fcgyint\u00e9z\u00e9s\">V\u00e1m\u00fcgyint\u00e9z\u00e9s<\/h2>\n                <p class=\"u-text u-text-3\" data-lang-en=\"Teljesk\u00f6r\u0171 v\u00e1m\u00fcgyint\u00e9z\u00e9s!<br>export v\u00e1mkezel\u00e9s<br>import v\u00e1mkezel\u00e9s<br>v\u00e1mhat\u00e1rozat m\u00f3dos\u00edt\u00e1sa<br>ut\u00f3lagos \u00fcgyint\u00e9z\u00e9s<br>v\u00e1mtan\u00e1csad\u00e1s<br>sz\u00e1rmaz\u00e1si tan\u00e1csad\u00e1s<br>EUR.1, T2L, A.TR \u00fcgyint\u00e9z\u00e9s<br>AGREX, export enged\u00e9ly<br>AGRIM, import enged\u00e9ly<br>v\u00e1mkontingens \u00fcgyint\u00e9z\u00e9s<br><a href=&quot;https:\/\/vamugynokseg.hu\/?page_id=23&quot; class=&quot;u-active-none u-btn-1 u-border-none u-btn u-button-link u-button-style u-hover-none u-none u-text-palette-1-base&quot; style=&quot;background-image: none; padding-top: 0; padding-bottom: 0; padding-left: 0; padding-right: 0&quot;>Tov\u00e1bb v\u00e1m\u00fcgyint\u00e9z\u00e9s...<\/a><br><br><br>\">Teljesk\u00f6r\u0171 v\u00e1m\u00fcgyint\u00e9z\u00e9s!<br>export v\u00e1mkezel\u00e9s<br>import v\u00e1mkezel\u00e9s<br>v\u00e1mhat\u00e1rozat m\u00f3dos\u00edt\u00e1sa<br>ut\u00f3lagos \u00fcgyint\u00e9z\u00e9s<br>v\u00e1mtan\u00e1csad\u00e1s<br>sz\u00e1rmaz\u00e1si tan\u00e1csad\u00e1s<br>EUR.1, T2L, A.TR \u00fcgyint\u00e9z\u00e9s<br>AGREX, export enged\u00e9ly<br>AGRIM, import enged\u00e9ly<br>v\u00e1mkontingens \u00fcgyint\u00e9z\u00e9s<br>\n                  <a href=\"https:\/\/vamugynokseg.hu\/?page_id=23\" class=\"u-active-none u-border-none u-btn u-button-link u-button-style u-hover-none u-none u-text-palette-1-base u-btn-1\" data-lang-en=\"Tov\u00e1bb v\u00e1m\u00fcgyint\u00e9z\u00e9s...\">Tov\u00e1bb v\u00e1m\u00fcgyint\u00e9z\u00e9s...<\/a>\n                  <br>\n                  <br>\n                  <br>\n                <\/p>\n              <\/div>\n            <\/div>\n            <div class=\"u-align-center u-container-style u-list-item u-repeater-item\">\n              <div class=\"u-container-layout u-similar-container u-container-layout-2\"><span class=\"u-align-center u-icon u-icon-rounded u-palette-1-base u-radius-10 u-icon-2\"><svg class=\"u-svg-link\" preserveAspectRatio=\"xMidYMin slice\" viewBox=\"0 0 496.831 496.831\" style=\"\"><use xmlns:xlink=\"http:\/\/www.w3.org\/1999\/xlink\" xlink:href=\"#svg-4bf9\"><\/use><\/svg><svg class=\"u-svg-content\" viewBox=\"0 0 496.831 496.831\" id=\"svg-4bf9\"><g><path d=\"m128.617 10.158c-16.425-5.828-33.943-9.348-52.167-10.151-4.43-.195-8.052 3.45-7.857 7.879 4.213 95.662 83.093 171.926 179.79 171.944z\" fill=\"#bee070\"><\/path><path d=\"m248.415 179.831c-.002-78.298-49.997-144.904-119.799-169.672 3.568 94.588 55.819 169.645 119.799 169.672z\" fill=\"#7ed65f\"><\/path><path d=\"m398.389 2.338-149.935 177.492c96.693-.021 175.57-76.282 179.784-171.942.195-4.426-3.422-8.076-7.848-7.88-7.461.331-14.803 1.119-22.001 2.33z\" fill=\"#348863\"><\/path><path d=\"m398.389 2.338c-10.386 1.748-20.472 4.378-30.175 7.82l-119.782 169.673c82.149-.026 148.838-79.255 149.957-177.493z\" fill=\"#39aa59\"><\/path><path d=\"m368.214 10.158c-69.802 24.768-119.797 91.374-119.799 169.668 63.972-.008 116.231-75.071 119.799-169.668z\" fill=\"#3dcc4e\"><\/path><path d=\"m184.402 209.831h-170.473c-5.99 0-9.563 6.676-6.24 11.66l82.227 123.34h188.5l-87.774-131.66c-1.391-2.087-3.733-3.34-6.24-3.34z\" fill=\"#ffb13f\"><\/path><path d=\"m466.915 209.831-248.5 135h188.5l82.227-123.34c3.323-4.984-.25-11.66-6.24-11.66z\" fill=\"#ff6237\"><\/path><path d=\"m306.189 213.171-87.773 131.66h158.5l90-135h-154.487c-2.507 0-4.849 1.253-6.24 3.34z\" fill=\"#ff893b\"><\/path><path d=\"m406.915 299.831-100 109.25 100 87.75h22.5c4.142 0 7.5-3.358 7.5-7.5v-189.5z\" fill=\"#ff893b\"><\/path><path d=\"m248.415 299.831-110 109.25 110 87.75h158.5v-197z\" fill=\"#ffb13f\"><\/path><path d=\"m59.915 299.831v189.5c0 4.142 3.358 7.5 7.5 7.5h181v-197z\" fill=\"#ffcf70\"><\/path>\n<\/g><\/svg><\/span>\n                <h2 class=\"u-text u-text-4\" data-lang-en=\"Term\u00e9kd\u00edj \u00fcgyint\u00e9z\u00e9s\">Term\u00e9kd\u00edj \u00fcgyint\u00e9z\u00e9s<\/h2>\n                <p class=\"u-text u-text-5\" data-lang-en=\"Teljesk\u00f6r\u0171 k\u00f6rnyezetv\u00e9delmi term\u00e9kd\u00edj \u00fcgyint\u00e9z\u00e9s.<br>K\u00f6rnyezetv\u00e9delmi term\u00e9kd\u00edj nyilv\u00e1ntart\u00e1s, bejelent\u00e9s, bevall\u00e1s \u00fcgyint\u00e9z\u00e9se, sz\u00fcks\u00e9g szerint m\u00f3dos\u00edt\u00e1sa.<br>D\u00edjmentesen felm\u00e9rj\u00fck, hogy az \u00d6n v\u00e1llalkoz\u00e1sa a term\u00e9kd\u00edj t\u00f6rv\u00e9ny hat\u00e1lya al\u00e1 tartozik-e!<br><a href=&quot;https:\/\/www.termekdijugynok.hu&quot; class=&quot;u-active-none u-btn-2 u-border-none u-btn u-button-link u-button-style u-hover-none u-none u-text-palette-1-base&quot; target=&quot;_blank&quot; style=&quot;background-image: none; padding-top: 0; padding-bottom: 0; padding-left: 0; padding-right: 0&quot;>Tov\u00e1bb term\u00e9kd\u00edj \u00fcgyint\u00e9z\u00e9s...<\/a><br><br><br><br>\">Teljesk\u00f6r\u0171 k\u00f6rnyezetv\u00e9delmi term\u00e9kd\u00edj \u00fcgyint\u00e9z\u00e9s.<br>K\u00f6rnyezetv\u00e9delmi term\u00e9kd\u00edj nyilv\u00e1ntart\u00e1s, bejelent\u00e9s, bevall\u00e1s \u00fcgyint\u00e9z\u00e9se, sz\u00fcks\u00e9g szerint m\u00f3dos\u00edt\u00e1sa.<br>D\u00edjmentesen felm\u00e9rj\u00fck, hogy az \u00d6n v\u00e1llalkoz\u00e1sa a term\u00e9kd\u00edj t\u00f6rv\u00e9ny hat\u00e1lya al\u00e1 tartozik-e!<br>\n                  <a href=\"https:\/\/www.termekdijugynok.hu\" class=\"u-active-none u-border-none u-btn u-button-link u-button-style u-hover-none u-none u-text-palette-1-base u-btn-2\" target=\"_blank\" data-lang-en=\"Tov\u00e1bb term\u00e9kd\u00edj \u00fcgyint\u00e9z\u00e9s...\">Tov\u00e1bb term\u00e9kd\u00edj \u00fcgyint\u00e9z\u00e9s...<\/a>\n                  <br>\n                  <br>\n                  <br>\n                  <br>\n                <\/p>\n              <\/div>\n            <\/div>\n            <div class=\"u-align-center u-container-style u-list-item u-repeater-item\">\n              <div class=\"u-container-layout u-similar-container u-container-layout-3\"><span class=\"u-align-center u-file-icon u-icon u-icon-rounded u-palette-1-base u-radius-10 u-icon-3\"><img decoding=\"async\" src=\"https:\/\/vamugynokseg.hu\/wp-content\/uploads\/2021\/09\/intrastat2019-1.png\" alt=\"\" data-lang-en=\"\"><\/span>\n                <h2 class=\"u-text u-text-6\" data-lang-en=\"INTRASTAT \u00fcgyint\u00e9z\u00e9s\">INTRASTAT \u00fcgyint\u00e9z\u00e9s<\/h2>\n                <p class=\"u-text u-text-7\" data-lang-en=\"Teljesk\u00f6r\u0171 INTRASTAT \u00fcgyint\u00e9z\u00e9st v\u00e1llalunk Magyarorsz\u00e1g eg\u00e9sz ter\u00fclet\u00e9n. V\u00e1llaljuk az INTRASTAT bevall\u00e1sok hat\u00e1rid\u0151re t\u00f6rt\u00e9n\u0151 elk\u00e9sz\u00edt\u00e9s\u00e9t, bek\u00fcld\u00e9s\u00e9t, sz\u00fcks\u00e9g szerinti m\u00f3dos\u00edt\u00e1s\u00e1t.&amp;nbsp;<br>Kapcsolattart\u00e1s a KSH munkat\u00e1rsaival, tehermentes\u00edtve a Megb\u00edz\u00f3t az ezzel kapcsolatos feladatok al\u00f3l.<br><a href=&quot;https:\/\/www.intrastatugynok.hu&quot; class=&quot;u-active-none u-btn-3 u-border-none u-btn u-button-link u-button-style u-hover-none u-none u-text-palette-1-base&quot; target=&quot;_blank&quot; style=&quot;background-image: none; padding-top: 0; padding-bottom: 0; padding-left: 0; padding-right: 0&quot;>Tov\u00e1bb INTRASTAT \u00fcgyint\u00e9z\u00e9s...<\/a><br><br>\">Teljesk\u00f6r\u0171 INTRASTAT \u00fcgyint\u00e9z\u00e9st v\u00e1llalunk Magyarorsz\u00e1g eg\u00e9sz ter\u00fclet\u00e9n. V\u00e1llaljuk az INTRASTAT bevall\u00e1sok hat\u00e1rid\u0151re t\u00f6rt\u00e9n\u0151 elk\u00e9sz\u00edt\u00e9s\u00e9t, bek\u00fcld\u00e9s\u00e9t, sz\u00fcks\u00e9g szerinti m\u00f3dos\u00edt\u00e1s\u00e1t.&nbsp;<br>Kapcsolattart\u00e1s a KSH munkat\u00e1rsaival, tehermentes\u00edtve a Megb\u00edz\u00f3t az ezzel kapcsolatos feladatok al\u00f3l.<br>\n                  <a href=\"https:\/\/www.intrastatugynok.hu\" class=\"u-active-none u-border-none u-btn u-button-link u-button-style u-hover-none u-none u-text-palette-1-base u-btn-3\" target=\"_blank\" data-lang-en=\"Tov\u00e1bb INTRASTAT \u00fcgyint\u00e9z\u00e9s...\">Tov\u00e1bb INTRASTAT \u00fcgyint\u00e9z\u00e9s...<\/a>\n                  <br>\n                  <br>\n                <\/p>\n              <\/div>\n            <\/div>\n          <\/div>\n        <\/div>\n      <\/div>\n    <\/section>\n    <section class=\"u-clearfix u-palette-5-light-2 u-section-5\" id=\"sec-1376\">\n      <div class=\"u-clearfix u-sheet u-valign-bottom u-sheet-1\">\n        <div class=\"u-clearfix u-expanded-width u-gutter-0 u-layout-wrap u-layout-wrap-1\">\n          <div class=\"u-layout\">\n            <div class=\"u-layout-row\">\n              <div class=\"u-align-center u-container-style u-grey-10 u-layout-cell u-left-cell u-size-23 u-layout-cell-1\">\n                <div class=\"u-container-layout u-valign-middle u-container-layout-1\">\n                  <div alt=\"\" class=\"u-image u-image-circle lazyload u-image-1\" src=\"\" data-image-width=\"443\" data-image-height=\"591\" data-bg=\"url(&quot;https:\/\/vamugynokseg.hu\/wp-content\/uploads\/2021\/09\/20210913_200522.png&quot;)\"><\/div>\n                <\/div>\n              <\/div>\n              <div class=\"u-align-left u-container-style u-grey-10 u-layout-cell u-right-cell u-size-37 u-layout-cell-2\">\n                <div class=\"u-container-layout u-container-layout-2\">\n                  <h2 class=\"u-text u-text-default u-text-1\" data-lang-en=\"T\u00f6rekv\u00e9s\u00fcnk:\">T\u00f6rekv\u00e9s\u00fcnk:<\/h2>\n                  <p class=\"u-text u-text-2\" data-lang-en=\"A Dual-Centrum v\u00e1m\u00fcgyn\u00f6ks\u00e9g szolg\u00e1ltat\u00e1sa gyors, pontos, \u00fcgyf\u00e9lcentrikus.<br>Harminc \u00e9ves szakmai tapasztalat \u00e9s a folyamatos tov\u00e1bbk\u00e9pz\u00e9s biztos alapot ny\u00fajt a napi feladatok magasszint\u0171 teljes\u00edt\u00e9s\u00e9hez. A gyors \u00fcgyint\u00e9z\u00e9shez sz\u00fcks\u00e9g van a megb\u00edz\u00f3 \u00e9p\u00edt\u0151 k\u00f6zrem\u0171k\u00f6d\u00e9s\u00e9re is.&amp;nbsp;T\u00f6rekv\u00e9s\u00fcnk, hogy megb\u00edz\u00f3inkkal hossz\u00fat\u00e1v\u00fa \u00e9s \u00e1lland\u00f3 egy\u00fcttm\u0171k\u00f6d\u00e9st alak\u00edtsunk ki, hogy jobban megismerj\u00fck term\u00e9keiket \u00e9s tev\u00e9kenys\u00e9g\u00fcket, hogy a megfelel\u0151 ismeretek birtok\u00e1ban hasznos tan\u00e1csokkal, inform\u00e1ci\u00f3kkal seg\u00edthess\u00fck munk\u00e1jukat!&amp;nbsp;<br>\n                    <br>\n                    <br>\n                  \">A Dual-Centrum v\u00e1m\u00fcgyn\u00f6ks\u00e9g szolg\u00e1ltat\u00e1sa gyors, pontos, \u00fcgyf\u00e9lcentrikus.<br>Harminc \u00e9ves szakmai tapasztalat \u00e9s a folyamatos tov\u00e1bbk\u00e9pz\u00e9s biztos alapot ny\u00fajt a napi feladatok magasszint\u0171 teljes\u00edt\u00e9s\u00e9hez. A gyors \u00fcgyint\u00e9z\u00e9shez sz\u00fcks\u00e9g van a megb\u00edz\u00f3 \u00e9p\u00edt\u0151 k\u00f6zrem\u0171k\u00f6d\u00e9s\u00e9re is.&nbsp;T\u00f6rekv\u00e9s\u00fcnk, hogy megb\u00edz\u00f3inkkal hossz\u00fat\u00e1v\u00fa \u00e9s \u00e1lland\u00f3 egy\u00fcttm\u0171k\u00f6d\u00e9st alak\u00edtsunk ki, hogy jobban megismerj\u00fck term\u00e9keiket \u00e9s tev\u00e9kenys\u00e9g\u00fcket, hogy a megfelel\u0151 ismeretek birtok\u00e1ban hasznos tan\u00e1csokkal, inform\u00e1ci\u00f3kkal seg\u00edthess\u00fck munk\u00e1jukat!&nbsp;<br>\n                    <br>\n                    <br>\n                  <\/p>\n                <\/div>\n              <\/div>\n            <\/div>\n          <\/div>\n        <\/div>\n        <a href=\"https:\/\/vamugynokseg.hu\/?page_id=25\" class=\"u-align-center u-border-none u-btn u-btn-round u-button-style u-gradient u-hover-palette-1-light-1 u-none u-radius-50 u-btn-1\" data-lang-en=\"aj\u00e1nlat k\u00e9r\u00e9s\">aj\u00e1nlat k\u00e9r\u00e9s<\/a>\n      <\/div>\n    <\/section>\n    \n    \n    \n  \n<\/div>","protected":false},"excerpt":{"rendered":"<p>Dual-Centrum v\u00e1m\u00fcgyn\u00f6ks\u00e9g V\u00e1m\u00fcgyint\u00e9z\u00e9s hat\u00e1rok n\u00e9lk\u00fcl! Dual-Centrum v\u00e1m\u00fcgyn\u00f6ks\u00e9g Teljesk\u00f6r\u0171, gyors \u00e9s k\u00f6lts\u00e9ghat\u00e9kony v\u00e1m\u00fcgyint\u00e9z\u00e9s Magyarosz\u00e1g eg\u00e9sz ter\u00fclet\u00e9n, szem\u00e9lyes megjelen\u00e9s n\u00e9lk\u00fcl, kiz\u00e1r\u00f3lag online kapcsolattal!&nbsp;K\u00fcldje el a rendelkez\u00e9sre \u00e1ll\u00f3 dokumentumait, k\u00e9rd\u00e9seit, a t\u00f6bbit int\u00e9zz\u00fck!30 \u00e9ves szakmai tapasztalatunkat \u00e1ll\u00edtjuk az \u00d6n szolg\u00e1lat\u00e1ba! A Dual-Centrum v\u00e1m\u00fcgyn\u00f6ks\u00e9g szolg\u00e1ltat\u00e1sai V\u00e1m\u00fcgyint\u00e9z\u00e9s Teljesk\u00f6r\u0171 v\u00e1m\u00fcgyint\u00e9z\u00e9s!export v\u00e1mkezel\u00e9simport v\u00e1mkezel\u00e9sv\u00e1mhat\u00e1rozat m\u00f3dos\u00edt\u00e1saut\u00f3lagos \u00fcgyint\u00e9z\u00e9sv\u00e1mtan\u00e1csad\u00e1ssz\u00e1rmaz\u00e1si tan\u00e1csad\u00e1sEUR.1, T2L, A.TR \u00fcgyint\u00e9z\u00e9sAGREX, export enged\u00e9lyAGRIM, import&hellip; <a class=\"more-link\" href=\"https:\/\/vamugynokseg.hu\/\"><span class=\"screen-reader-text\">Dual Centrum v\u00e1m\u00fcgyn\u00f6ks\u00e9g<\/span> olvas\u00e1s\u00e1nak folytat\u00e1sa<\/a><\/p>\n","protected":false},"author":1,"featured_media":0,"parent":0,"menu_order":2,"comment_status":"closed","ping_status":"closed","template":"","meta":{"footnotes":""},"class_list":["post-24","page","type-page","status-publish","hentry","entry"],"_links":{"self":[{"href":"https:\/\/vamugynokseg.hu\/index.php?rest_route=\/wp\/v2\/pages\/24","targetHints":{"allow":["GET"]}}],"collection":[{"href":"https:\/\/vamugynokseg.hu\/index.php?rest_route=\/wp\/v2\/pages"}],"about":[{"href":"https:\/\/vamugynokseg.hu\/index.php?rest_route=\/wp\/v2\/types\/page"}],"author":[{"embeddable":true,"href":"https:\/\/vamugynokseg.hu\/index.php?rest_route=\/wp\/v2\/users\/1"}],"replies":[{"embeddable":true,"href":"https:\/\/vamugynokseg.hu\/index.php?rest_route=%2Fwp%2Fv2%2Fcomments&post=24"}],"version-history":[{"count":12,"href":"https:\/\/vamugynokseg.hu\/index.php?rest_route=\/wp\/v2\/pages\/24\/revisions"}],"predecessor-version":[{"id":112,"href":"https:\/\/vamugynokseg.hu\/index.php?rest_route=\/wp\/v2\/pages\/24\/revisions\/112"}],"wp:attachment":[{"href":"https:\/\/vamugynokseg.hu\/index.php?rest_route=%2Fwp%2Fv2%2Fmedia&parent=24"}],"curies":[{"name":"wp","href":"https:\/\/api.w.org\/{rel}","templated":true}]}}